{"id":57,"date":"2026-02-05T17:54:26","date_gmt":"2026-02-05T17:54:26","guid":{"rendered":"http:\/\/coupdepoucemultimedia.fr\/?page_id=57"},"modified":"2026-02-07T18:20:34","modified_gmt":"2026-02-07T18:20:34","slug":"prestations","status":"publish","type":"page","link":"https:\/\/coupdepoucemultimedia.fr\/index.php\/prestations\/","title":{"rendered":"Prestations"},"content":{"rendered":"\n<figure class=\"wp-block-image size-full\"><img loading=\"lazy\" decoding=\"async\" width=\"685\" height=\"694\" src=\"http:\/\/coupdepoucemultimedia.fr\/wp-content\/uploads\/2026\/02\/2025-10-15-16-40-05-662-1.jpg\" alt=\"\" class=\"wp-image-84\" srcset=\"https:\/\/coupdepoucemultimedia.fr\/wp-content\/uploads\/2026\/02\/2025-10-15-16-40-05-662-1.jpg 685w, https:\/\/coupdepoucemultimedia.fr\/wp-content\/uploads\/2026\/02\/2025-10-15-16-40-05-662-1-296x300.jpg 296w\" sizes=\"auto, (max-width: 685px) 100vw, 685px\" \/><\/figure>\n\n\n\n<p class=\"has-text-align-center\">Mise en service de votre nouveau mat\u00e9riel informatique, smartphone ou appareil connect\u00e9.<\/p>\n\n\n\n<p class=\"has-text-align-center\">Sauvegarde et transfert de donn\u00e9es.<\/p>\n\n\n\n<p class=\"has-text-align-center\">S\u00e9curisation de vos appareils.<\/p>\n\n\n\n<p class=\"has-text-align-center\">Mises \u00e0 jour et optimisation des performances de votre ordinateur.<\/p>\n\n\n\n<p class=\"has-text-align-center\">Changement de disque dur.<\/p>\n\n\n\n<p class=\"has-text-align-center\">Transfert de cassettes VHS, mini DV, Vid\u00e9o 8, Hi 8, VHS-C, bobines 8mm et Super 8 et diapositives<\/p>\n","protected":false},"excerpt":{"rendered":"<p>Mise en service de votre nouveau mat\u00e9riel informatique, smartphone ou appareil connect\u00e9. Sauvegarde et transfert de donn\u00e9es. S\u00e9curisation de vos appareils. Mises \u00e0 jour et optimisation des performances de votre ordinateur. Changement de disque dur. Transfert de cassettes VHS, mini DV, Vid\u00e9o 8, Hi 8, VHS-C, bobines 8mm et Super 8 et diapositives<\/p>\n","protected":false},"author":1,"featured_media":0,"parent":0,"menu_order":0,"comment_status":"closed","ping_status":"closed","template":"","meta":{"footnotes":""},"class_list":["post-57","page","type-page","status-publish","hentry"],"_links":{"self":[{"href":"https:\/\/coupdepoucemultimedia.fr\/index.php\/wp-json\/wp\/v2\/pages\/57","targetHints":{"allow":["GET"]}}],"collection":[{"href":"https:\/\/coupdepoucemultimedia.fr\/index.php\/wp-json\/wp\/v2\/pages"}],"about":[{"href":"https:\/\/coupdepoucemultimedia.fr\/index.php\/wp-json\/wp\/v2\/types\/page"}],"author":[{"embeddable":true,"href":"https:\/\/coupdepoucemultimedia.fr\/index.php\/wp-json\/wp\/v2\/users\/1"}],"replies":[{"embeddable":true,"href":"https:\/\/coupdepoucemultimedia.fr\/index.php\/wp-json\/wp\/v2\/comments?post=57"}],"version-history":[{"count":6,"href":"https:\/\/coupdepoucemultimedia.fr\/index.php\/wp-json\/wp\/v2\/pages\/57\/revisions"}],"predecessor-version":[{"id":95,"href":"https:\/\/coupdepoucemultimedia.fr\/index.php\/wp-json\/wp\/v2\/pages\/57\/revisions\/95"}],"wp:attachment":[{"href":"https:\/\/coupdepoucemultimedia.fr\/index.php\/wp-json\/wp\/v2\/media?parent=57"}],"curies":[{"name":"wp","href":"https:\/\/api.w.org\/{rel}","templated":true}]}}